{"id":4405,"date":"2023-06-02T03:55:09","date_gmt":"2023-06-02T00:55:09","guid":{"rendered":"https:\/\/redecor.com.tr\/?page_id=4405"},"modified":"2023-11-22T14:32:07","modified_gmt":"2023-11-22T11:32:07","slug":"ik","status":"publish","type":"page","link":"https:\/\/redecor.com.tr\/en\/ik\/","title":{"rendered":"\u0130K"},"content":{"rendered":"<div  class=\"vc_row wpb_row vc_row-fluid\"><div class=\"vc_container\"><div class=\"wpb_column vc_column_container vc_col-sm-2\"><div class=\"vc_column-inner\"><div class=\"wpb_wrapper\"><\/div><\/div><\/div><div class=\"wpb_column vc_column_container vc_col-sm-8\"><div class=\"vc_column-inner\"><div class=\"wpb_wrapper\"><div class=\"vc_empty_space\"   style=\"height: 50px;min-height:40px\" ><span class=\"vc_empty_space_inner\"><\/span><\/div>\n<h2 style=\"text-align: center\" class=\"vc_custom_heading\" >Redecor &amp; \u0130K<\/h2><\/div><\/div><\/div><div class=\"wpb_column vc_column_container vc_col-sm-2\"><div class=\"vc_column-inner\"><div class=\"wpb_wrapper\"><\/div><\/div><\/div><\/div><\/div><div  class=\"vc_row wpb_row vc_row-fluid\"><div class=\"vc_container\"><div class=\"wpb_column vc_column_container vc_col-sm-2\"><div class=\"vc_column-inner\"><div class=\"wpb_wrapper\"><\/div><\/div><\/div><div class=\"wpb_column vc_column_container vc_col-sm-8\"><div class=\"vc_column-inner\"><div class=\"wpb_wrapper\">\n\t<div class=\"wpb_text_column wpb_content_element\" >\n\t\t<div class=\"wpb_wrapper\">\n\t\t\t<p style=\"text-align: center;\"><div id=\"quform-3a9f20\" class=\"quform quform-1 quform-theme-simple quform-support-page-caching\"><form id=\"quform-form-3a9f20\" class=\"quform-form quform-form-1\" action=\"\/en\/wp-json\/wp\/v2\/pages\/4405#quform-3a9f20\" method=\"post\" enctype=\"multipart\/form-data\" novalidate=\"novalidate\" data-options=\"{&quot;id&quot;:1,&quot;uniqueId&quot;:&quot;3a9f20&quot;,&quot;theme&quot;:&quot;simple&quot;,&quot;ajax&quot;:true,&quot;logic&quot;:{&quot;logic&quot;:[],&quot;dependents&quot;:[],&quot;elementIds&quot;:[],&quot;dependentElementIds&quot;:[],&quot;animate&quot;:true},&quot;currentPageId&quot;:1,&quot;errorsIcon&quot;:&quot;&quot;,&quot;updateFancybox&quot;:true,&quot;hasPages&quot;:false,&quot;pages&quot;:[1],&quot;pageProgressType&quot;:&quot;numbers&quot;,&quot;tooltipsEnabled&quot;:true,&quot;tooltipClasses&quot;:&quot;qtip-quform-dark qtip-shadow&quot;,&quot;tooltipMy&quot;:&quot;left center&quot;,&quot;tooltipAt&quot;:&quot;right center&quot;,&quot;isRtl&quot;:false,&quot;scrollOffset&quot;:-50,&quot;scrollSpeed&quot;:800}\" data-trp-original-action=\"\/en\/wp-json\/wp\/v2\/pages\/4405#quform-3a9f20\"><button class=\"quform-default-submit\" name=\"quform_submit\" type=\"submit\" value=\"submit\" aria-hidden=\"true\" tabindex=\"-1\"><\/button><div class=\"quform-form-inner quform-form-inner-1\"><input type=\"hidden\" name=\"quform_form_id\" value=\"1\" \/><input type=\"hidden\" name=\"quform_form_uid\" value=\"3a9f20\" \/><input type=\"hidden\" name=\"quform_count\" value=\"1\" \/><input type=\"hidden\" name=\"form_url\" value=\"https:\/\/redecor.com.tr\/en\/wp-json\/wp\/v2\/pages\/4405\" \/><input type=\"hidden\" name=\"referring_url\" value=\"\" \/><input type=\"hidden\" name=\"post_id\" value=\"\" \/><input type=\"hidden\" name=\"post_title\" value=\"\" \/><input type=\"hidden\" name=\"quform_current_page_id\" value=\"1\" \/><input type=\"hidden\" name=\"quform_csrf_token\" value=\"ky5dUMEeqbnfPF6zyT97N4mV2KNKbCW40Z92YX5J\" \/><div class=\"quform-elements quform-elements-1 quform-cf quform-responsive-elements-phone-landscape\"><div class=\"quform-element quform-element-page quform-page-1 quform-page-1_1 quform-cf quform-group-style-plain quform-first-page quform-last-page quform-current-page\"><div class=\"quform-child-elements\"><div class=\"quform-element quform-element-row quform-element-row-1_14 quform-2-columns quform-element-row-size-fixed quform-responsive-columns-phone-landscape\"><div class=\"quform-element quform-element-column quform-element-1_15\"><div class=\"quform-element quform-element-group quform-element-1_17 quform-cf quform-group-style-plain\"><div class=\"quform-spacer\"><div class=\"quform-group-title-description\"><h5 class=\"quform-group-title\">Genel Bilgiler<\/h5><\/div><div class=\"quform-child-elements\"><div class=\"quform-element quform-element-text quform-element-1_13 quform-cf quform-element-required\"><div class=\"quform-spacer\"><div class=\"quform-label quform-label-1_13\"><label class=\"quform-label-text\" for=\"quform_1_13_3a9f20\">Ad Soyad<span class=\"quform-required\">*<\/span><\/label><\/div><div class=\"quform-inner quform-inner-text quform-inner-1_13\"><div class=\"quform-input quform-input-text quform-input-1_13 quform-cf\"><input type=\"text\" id=\"quform_1_13_3a9f20\" name=\"quform_1_13\" class=\"quform-field quform-field-text quform-field-1_13\" \/><\/div><\/div><\/div><\/div><div class=\"quform-element quform-element-select quform-element-1_28 quform-cf quform-element-required\"><div class=\"quform-spacer\"><div class=\"quform-label quform-label-1_28\"><label class=\"quform-label-text\" for=\"quform_1_28_3a9f20\">Cinsiyet<span class=\"quform-required\">*<\/span><\/label><\/div><div class=\"quform-inner quform-inner-select quform-inner-1_28\"><div class=\"quform-input quform-input-select quform-input-1_28 quform-cf\"><select id=\"quform_1_28_3a9f20\" name=\"quform_1_28\" class=\"quform-field quform-field-select quform-field-1_28\"><option value=\"\">Please select<\/option><option value=\"Erkek\">Erkek<\/option><option value=\"Kad\u0131n\" selected=\"selected\">Kad\u0131n<\/option><\/select><\/div><\/div><\/div><\/div><div class=\"quform-element quform-element-date quform-element-1_29 quform-cf quform-element-required\"><div class=\"quform-spacer\"><div class=\"quform-label quform-label-1_29\"><label class=\"quform-label-text\" for=\"quform_1_29_3a9f20\">Do\u011fum Tarihiniz<span class=\"quform-required\">*<\/span><\/label><\/div><div class=\"quform-inner quform-inner-date quform-inner-1_29\"><div class=\"quform-input quform-input-date quform-input-1_29 quform-cf quform-has-field-icon-right\"><input type=\"text\" id=\"quform_1_29_3a9f20\" name=\"quform_1_29\" class=\"quform-field quform-field-date quform-field-1_29\" placeholder=\"YYYY-MM-DD\" data-options=\"{&quot;format&quot;:&quot;&quot;,&quot;min&quot;:&quot;&quot;,&quot;max&quot;:&quot;&quot;,&quot;start&quot;:&quot;month&quot;,&quot;depth&quot;:&quot;month&quot;,&quot;showFooter&quot;:false,&quot;locale&quot;:&quot;en-US&quot;,&quot;placeholder&quot;:&quot;&quot;,&quot;autoOpen&quot;:true,&quot;identifier&quot;:&quot;1_29&quot;}\" \/><span class=\"quform-field-icon quform-field-icon-right\"><i class=\"qicon-calendar\"><\/i><\/span><\/div><\/div><\/div><\/div><div class=\"quform-element quform-element-text quform-element-1_23 quform-cf quform-element-required\"><div class=\"quform-spacer\"><div class=\"quform-label quform-label-1_23\"><label class=\"quform-label-text\" for=\"quform_1_23_3a9f20\">Do\u011fum Yeriniz<span class=\"quform-required\">*<\/span><\/label><\/div><div class=\"quform-inner quform-inner-text quform-inner-1_23\"><div class=\"quform-input quform-input-text quform-input-1_23 quform-cf\"><input type=\"text\" id=\"quform_1_23_3a9f20\" name=\"quform_1_23\" class=\"quform-field quform-field-text quform-field-1_23\" \/><\/div><\/div><\/div><\/div><div class=\"quform-element quform-element-text quform-element-1_24 quform-cf quform-element-required\"><div class=\"quform-spacer\"><div class=\"quform-label quform-label-1_24\"><label class=\"quform-label-text\" for=\"quform_1_24_3a9f20\">Cep Telefonu<span class=\"quform-required\">*<\/span><\/label><\/div><div class=\"quform-inner quform-inner-text quform-inner-1_24\"><div class=\"quform-input quform-input-text quform-input-1_24 quform-cf\"><input type=\"text\" id=\"quform_1_24_3a9f20\" name=\"quform_1_24\" class=\"quform-field quform-field-text quform-field-1_24\" \/><\/div><\/div><\/div><\/div><div class=\"quform-element quform-element-email quform-element-1_30 quform-cf quform-element-required\"><div class=\"quform-spacer\"><div class=\"quform-label quform-label-1_30\"><label class=\"quform-label-text\" for=\"quform_1_30_3a9f20\">E-posta adresi<span class=\"quform-required\">*<\/span><\/label><\/div><div class=\"quform-inner quform-inner-email quform-inner-1_30\"><div class=\"quform-input quform-input-email quform-input-1_30 quform-cf\"><input type=\"email\" id=\"quform_1_30_3a9f20\" name=\"quform_1_30\" class=\"quform-field quform-field-email quform-field-1_30\" \/><\/div><\/div><\/div><\/div><div class=\"quform-element quform-element-textarea quform-element-1_32 quform-cf quform-element-required\"><div class=\"quform-spacer\"><div class=\"quform-label quform-label-1_32\"><label class=\"quform-label-text\" for=\"quform_1_32_3a9f20\">Adres<span class=\"quform-required\">*<\/span><\/label><\/div><div class=\"quform-inner quform-inner-textarea quform-inner-1_32\"><div class=\"quform-input quform-input-textarea quform-input-1_32 quform-cf\"><textarea id=\"quform_1_32_3a9f20\" name=\"quform_1_32\" class=\"quform-field quform-field-textarea quform-field-1_32\"><\/textarea><\/div><\/div><\/div><\/div><\/div><\/div><\/div><\/div><div class=\"quform-element quform-element-column quform-element-1_16\"><div class=\"quform-element quform-element-group quform-element-1_21 quform-cf quform-group-style-plain\"><div class=\"quform-spacer\"><div class=\"quform-group-title-description\"><h5 class=\"quform-group-title\">Di\u011fer Bilgiler<\/h5><\/div><div class=\"quform-child-elements\"><div class=\"quform-element quform-element-text quform-element-1_33 quform-cf quform-element-required\"><div class=\"quform-spacer\"><div class=\"quform-label quform-label-1_33\"><label class=\"quform-label-text\" for=\"quform_1_33_3a9f20\">\u0130\u015f Pozisyonu<span class=\"quform-required\">*<\/span><\/label><\/div><div class=\"quform-inner quform-inner-text quform-inner-1_33\"><div class=\"quform-input quform-input-text quform-input-1_33 quform-cf\"><input type=\"text\" id=\"quform_1_33_3a9f20\" name=\"quform_1_33\" class=\"quform-field quform-field-text quform-field-1_33\" \/><\/div><\/div><\/div><\/div><div class=\"quform-element quform-element-select quform-element-1_34 quform-cf quform-element-required\"><div class=\"quform-spacer\"><div class=\"quform-label quform-label-1_34\"><label class=\"quform-label-text\" for=\"quform_1_34_3a9f20\">Ehliyetiniz<span class=\"quform-required\">*<\/span><\/label><\/div><div class=\"quform-inner quform-inner-select quform-inner-1_34\"><div class=\"quform-input quform-input-select quform-input-1_34 quform-cf\"><select id=\"quform_1_34_3a9f20\" name=\"quform_1_34\" class=\"quform-field quform-field-select quform-field-1_34\"><option value=\"\">Please select<\/option><option value=\"Var\" selected=\"selected\">Var<\/option><option value=\"Yok\">Yok<\/option><\/select><\/div><\/div><\/div><\/div><div class=\"quform-element quform-element-select quform-element-1_35 quform-cf quform-element-required\"><div class=\"quform-spacer\"><div class=\"quform-label quform-label-1_35\"><label class=\"quform-label-text\" for=\"quform_1_35_3a9f20\">\u00d6\u011frenim Durumunuz<span class=\"quform-required\">*<\/span><\/label><\/div><div class=\"quform-inner quform-inner-select quform-inner-1_35\"><div class=\"quform-input quform-input-select quform-input-1_35 quform-cf\"><select id=\"quform_1_35_3a9f20\" name=\"quform_1_35\" class=\"quform-field quform-field-select quform-field-1_35\"><option value=\"\">Please select<\/option><option value=\"\u0130lk\u00f6\u011fretim\" selected=\"selected\">\u0130lk\u00f6\u011fretim<\/option><option value=\"Orta\u00f6\u011fretim\">Orta\u00f6\u011fretim<\/option><option value=\"Lise\">Lise<\/option><option value=\"Lisans\">Lisans<\/option><option value=\"Y\u00fcksek Lisans\">Y\u00fcksek Lisans<\/option><option value=\"Doktora\">Doktora<\/option><\/select><\/div><\/div><\/div><\/div><div class=\"quform-element quform-element-select quform-element-1_36 quform-cf quform-element-required\"><div class=\"quform-spacer\"><div class=\"quform-label quform-label-1_36\"><label class=\"quform-label-text\" for=\"quform_1_36_3a9f20\">Medeni Haliniz<span class=\"quform-required\">*<\/span><\/label><\/div><div class=\"quform-inner quform-inner-select quform-inner-1_36\"><div class=\"quform-input quform-input-select quform-input-1_36 quform-cf\"><select id=\"quform_1_36_3a9f20\" name=\"quform_1_36\" class=\"quform-field quform-field-select quform-field-1_36\"><option value=\"\">Please select<\/option><option value=\"Evli\" selected=\"selected\">Evli<\/option><option value=\"Bekar\">Bekar<\/option><\/select><\/div><\/div><\/div><\/div><div class=\"quform-element quform-element-text quform-element-1_37 quform-cf quform-element-required\"><div class=\"quform-spacer\"><div class=\"quform-label quform-label-1_37\"><label class=\"quform-label-text\" for=\"quform_1_37_3a9f20\">Yabanc\u0131 Dilleriniz<span class=\"quform-required\">*<\/span><\/label><\/div><div class=\"quform-inner quform-inner-text quform-inner-1_37\"><div class=\"quform-input quform-input-text quform-input-1_37 quform-cf\"><input type=\"text\" id=\"quform_1_37_3a9f20\" name=\"quform_1_37\" class=\"quform-field quform-field-text quform-field-1_37\" \/><\/div><\/div><\/div><\/div><div class=\"quform-element quform-element-text quform-element-1_38 quform-cf quform-element-required\"><div class=\"quform-spacer\"><div class=\"quform-label quform-label-1_38\"><label class=\"quform-label-text\" for=\"quform_1_38_3a9f20\">Tecr\u00fcbeleriniz<span class=\"quform-required\">*<\/span><\/label><\/div><div class=\"quform-inner quform-inner-text quform-inner-1_38\"><div class=\"quform-input quform-input-text quform-input-1_38 quform-cf\"><input type=\"text\" id=\"quform_1_38_3a9f20\" name=\"quform_1_38\" class=\"quform-field quform-field-text quform-field-1_38\" \/><\/div><\/div><\/div><\/div><div class=\"quform-element quform-element-textarea quform-element-1_39 quform-cf quform-element-required\"><div class=\"quform-spacer\"><div class=\"quform-label quform-label-1_39\"><label class=\"quform-label-text\" for=\"quform_1_39_3a9f20\">Eklemek \u0130stedikleriniz<span class=\"quform-required\">*<\/span><\/label><\/div><div class=\"quform-inner quform-inner-textarea quform-inner-1_39\"><div class=\"quform-input quform-input-textarea quform-input-1_39 quform-cf\"><textarea id=\"quform_1_39_3a9f20\" name=\"quform_1_39\" class=\"quform-field quform-field-textarea quform-field-1_39\"><\/textarea><\/div><\/div><\/div><\/div><div class=\"quform-element quform-element-recaptcha quform-element-1_41 quform-cf quform-element-required quform-recaptcha-no-size\"><div class=\"quform-spacer\"><div class=\"quform-inner quform-inner-recaptcha quform-inner-1_41\"><div class=\"quform-input quform-input-recaptcha quform-input-1_41 quform-cf\">To use reCAPTCHA you must enter the API keys on the Quform settings page.<\/div><\/div><\/div><\/div><\/div><\/div><\/div><\/div><\/div><div class=\"quform-element quform-element-submit quform-element-1_2 quform-cf quform-button-style-bootstrap quform-button-width-full\"><div class=\"quform-button-submit quform-button-submit-default quform-button-submit-1_2\"><button name=\"quform_submit\" type=\"submit\" class=\"quform-submit\" value=\"submit\"><span class=\"quform-button-text quform-button-submit-text\">Send<\/span><\/button><\/div><div class=\"quform-loading quform-loading-position-left quform-loading-type-spinner-1\"><div class=\"quform-loading-inner\"><div class=\"quform-loading-spinner\"><div class=\"quform-loading-spinner-inner\"><\/div><\/div><\/div><\/div><\/div><div class=\"quform-element-tree\"><label for=\"quform_1_0_3a9f20\">This field should be left blank<\/label><input type=\"text\" id=\"quform_1_0_3a9f20\" name=\"quform_1_0\" class=\"quform-field quform-field-tree quform-field-1_0\" tabindex=\"-1\" autocomplete=\"off\" \/><\/div><\/div><\/div><\/div><\/div><input type=\"hidden\" name=\"trp-form-language\" value=\"en\"\/><\/form><\/div>\n\n\t\t<\/div>\n\t<\/div>\n<\/div><\/div><\/div><div class=\"wpb_column vc_column_container vc_col-sm-2\"><div class=\"vc_column-inner\"><div class=\"wpb_wrapper\"><\/div><\/div><\/div><\/div><\/div><div  class=\"vc_row wpb_row vc_row-fluid shadow vc_custom_1553269426338\"><div class=\"vc_container\"><div class=\"wpb_column vc_column_container vc_col-sm-9\"><div class=\"vc_column-inner vc_custom_1551460697635\"><div class=\"wpb_wrapper\"><h2 style=\"color: #ffffff;text-align: left\" class=\"vc_custom_heading tin\" >Siz hayal edin biz tasarlayal\u0131m.<\/h2>\n\t<div class=\"wpb_text_column wpb_content_element\" >\n\t\t<div class=\"wpb_wrapper\">\n\t\t\t<p style=\"color: #fff;\"><span style=\"color: #ffffff;\">Hayallerinizdeki mutfa\u011f\u0131 Redecor ile ya\u015fay\u0131n.\u2013 \u0130leti\u015fim \u0130\u00e7in <a style=\"color: #ffffff;\" href=\"tel:03522350207\">0 (352) 235 02 07<\/a><\/span><\/p>\n\n\t\t<\/div>\n\t<\/div>\n<\/div><\/div><\/div><div class=\"wpb_column vc_column_container vc_col-sm-3\"><div class=\"vc_column-inner\"><div class=\"wpb_wrapper\"><div class=\"vc_empty_space\"   style=\"height: 80px\" ><span class=\"vc_empty_space_inner\"><\/span><\/div>\n<div class=\"upbtnposition\" style=\"text-align:right\" ><a class=\"up-button  up_btn-s\" title=\"\u0130leti\u015fim\" href=\"https:\/\/redecor.com.tr\/en\/iletisim\/\" style='color:#000000;background:#ffffff;border-color:#000000;'><span>\u0130leti\u015fim<\/span><\/a><\/div>\n<div class=\"vc_empty_space\"   style=\"height: 20px;min-height:40px\" ><span class=\"vc_empty_space_inner\"><\/span><\/div>\n<\/div><\/div><\/div><\/div><\/div>","protected":false},"excerpt":{"rendered":"Redecor &amp; \u0130K Genel BilgilerAd Soyad*Cinsiyet*Please selectErkekKad\u0131nDo\u011fum Tarihiniz*Do\u011fum Yeriniz*Cep Telefonu*E-posta adresi*Adres*Di\u011fer Bilgiler\u0130\u015f Pozisyonu*Ehliyetiniz*Please selectVarYok\u00d6\u011frenim Durumunuz*Please select\u0130lk\u00f6\u011fretimOrta\u00f6\u011fretimLiseLisansY\u00fcksek LisansDoktoraMedeni Haliniz*Please selectEvliBekarYabanc\u0131 Dilleriniz*Tecr\u00fcbeleriniz*Eklemek \u0130stedikleriniz*To use reCAPTCHA you must enter the API keys on the Quform settings page.SendThis field should be left blank Siz hayal edin biz tasarlayal\u0131m. Hayallerinizdeki mutfa\u011f\u0131 Redecor ile ya\u015fay\u0131n.\u2013 \u0130leti\u015fim \u0130\u00e7in 0 (352) 235 02 07 \u0130leti\u015fim","protected":false},"author":1,"featured_media":0,"parent":0,"menu_order":0,"comment_status":"closed","ping_status":"closed","template":"page-fullwidth.php","meta":{"footnotes":""},"class_list":["post-4405","page","type-page","status-publish","hentry"],"_links":{"self":[{"href":"https:\/\/redecor.com.tr\/en\/wp-json\/wp\/v2\/pages\/4405","targetHints":{"allow":["GET"]}}],"collection":[{"href":"https:\/\/redecor.com.tr\/en\/wp-json\/wp\/v2\/pages"}],"about":[{"href":"https:\/\/redecor.com.tr\/en\/wp-json\/wp\/v2\/types\/page"}],"author":[{"embeddable":true,"href":"https:\/\/redecor.com.tr\/en\/wp-json\/wp\/v2\/users\/1"}],"replies":[{"embeddable":true,"href":"https:\/\/redecor.com.tr\/en\/wp-json\/wp\/v2\/comments?post=4405"}],"version-history":[{"count":11,"href":"https:\/\/redecor.com.tr\/en\/wp-json\/wp\/v2\/pages\/4405\/revisions"}],"predecessor-version":[{"id":4906,"href":"https:\/\/redecor.com.tr\/en\/wp-json\/wp\/v2\/pages\/4405\/revisions\/4906"}],"wp:attachment":[{"href":"https:\/\/redecor.com.tr\/en\/wp-json\/wp\/v2\/media?parent=4405"}],"curies":[{"name":"wp","href":"https:\/\/api.w.org\/{rel}","templated":true}]}}