{"id":4387,"date":"2023-06-02T03:50:28","date_gmt":"2023-06-02T00:50:28","guid":{"rendered":"https:\/\/redecor.com.tr\/?page_id=4387"},"modified":"2023-11-22T14:31:42","modified_gmt":"2023-11-22T11:31:42","slug":"kalite-politikamiz","status":"publish","type":"page","link":"https:\/\/redecor.com.tr\/en\/kalite-politikamiz\/","title":{"rendered":"Kalite Politikam\u0131z"},"content":{"rendered":"<div  class=\"vc_row wpb_row vc_row-fluid vc_custom_1686518795548 up_bg_fix  up_over_pos\"><div class=\"up_overlay\" style=\"background-color:rgba(65,72,78,0.88)\"><\/div><div class=\"vc_container\"><div class=\"wpb_column vc_column_container vc_col-sm-12\"><div class=\"vc_column-inner\"><div class=\"wpb_wrapper\"><div class=\"vc_row wpb_row vc_inner vc_row-fluid\"><div class=\"wpb_column vc_column_container vc_col-sm-6\"><div class=\"vc_column-inner\"><div class=\"wpb_wrapper\"><div class=\"vc_empty_space\"   style=\"height: 125px;min-height:40px\" ><span class=\"vc_empty_space_inner\"><\/span><\/div>\n<div class=\"up_video_wrap\"><img decoding=\"async\" src=\"https:\/\/redecor.com.tr\/wp-content\/uploads\/anasayfa-video.png\" alt=\"\" \/><div class=\"up-video-ic\"><a class=\"up_video\" title=\"Video\" href=\"https:\/\/redecor.com.tr\/wp-content\/uploads\/Snapinsta.app_video_386097949_358703779912972_316705790532108386_n.mp4\"><i class=\"fa fa-play\"><\/i><\/a><\/div><\/div><\/div><\/div><\/div><div class=\"wpb_column vc_column_container vc_col-sm-6\"><div class=\"vc_column-inner\"><div class=\"wpb_wrapper\"><div class=\"vc_empty_space\"   style=\"height: 110px;min-height:40px\" ><span class=\"vc_empty_space_inner\"><\/span><\/div>\n<h6 style=\"color: #ffffff;text-align: left\" class=\"vc_custom_heading tin vc_custom_1685963457448\" >Kalite Politikas\u0131<\/h6><h2 style=\"color: #ffffff;text-align: left\" class=\"vc_custom_heading tin vc_custom_1685958278542\" >Redecor,<\/h2><div class=\"sep_iner\"><div class=\"up_separator sep_border\" style=\"margin-top:10px;margin-bottom:15px;width:62px;border-color:#92051e;border-width:3px;\"><\/div><\/div><h3 style=\"font-size: 21px;color: #ffffff;line-height: 27px;text-align: left\" class=\"vc_custom_heading vc_custom_1685958349631\" >Redecor, kaliteli mutfak tasar\u0131mlar\u0131 \u00fcreten bir marka olarak \u00f6ne \u00e7\u0131k\u0131yor.<\/h3>\n\t<div class=\"wpb_text_column wpb_content_element\" >\n\t\t<div class=\"wpb_wrapper\">\n\t\t\t<p><span style=\"color: #ffffff;\">Redecor, yenilenme anlam\u0131nda kullan\u0131lan &#8220;Re&#8221; kelimesini firmam\u0131z\u0131n dekorasyon kalitesi ile birle\u015ftirerek sizlerin ya\u015fam alanlar\u0131n\u0131z\u0131n vizyonu ve yap\u0131s\u0131n\u0131 yeniden dekore etmek i\u00e7in olu\u015fturulmu\u015f bir markad\u0131r.<br \/>\n\u00d6zg\u00fcn tasar\u0131mlar\u0131 ve ergonomisiyle Redecor \u00fcr\u00fcnleri beklenen i\u015flevselli\u011fi, esteti\u011fi, rahatl\u0131\u011f\u0131 ve detaylar\u0131 bir arada sunmaktad\u0131r.<br \/>\n<\/span><\/p>\n\n\t\t<\/div>\n\t<\/div>\n<div class=\"vc_empty_space\"   style=\"height: 40px;min-height:35px\" ><span class=\"vc_empty_space_inner\"><\/span><\/div>\n<div class=\"vc_empty_space\"   style=\"height: 100px;min-height:40px\" ><span class=\"vc_empty_space_inner\"><\/span><\/div>\n<\/div><\/div><\/div><\/div><\/div><\/div><\/div><\/div><\/div><div  class=\"vc_row wpb_row vc_row-fluid shadow vc_custom_1685958399296\"><div class=\"full_width\"><div class=\"wpb_column vc_column_container vc_col-sm-3\"><div class=\"vc_column-inner\"><div class=\"wpb_wrapper\"><div class=\"vc_empty_space\"   style=\"height: 65px;min-height:35px\" ><span class=\"vc_empty_space_inner\"><\/span><\/div>\n<div class=\"ic-inner\"><div class=\"icon-holder\"><div class=\"circle-text\"  style='color:#ffffff;background: #34393f;border-color: #34393f;'><i class=\"fa ti-headphone-alt\"><\/i><\/div><\/div><div class=\"text-holder\"><h4  style='color:#ffffff;'>M\u00fc\u015fteri Hizmetleri<\/h4><p><span style=\"color: #bdbdbd;\">M\u00fc\u015fteri memnuniyetini en \u00fcst d\u00fczeyde tutmak i\u00e7in s\u00fcrekli \u00e7al\u0131\u015f\u0131yoruz.<\/span><\/p>\n<\/div><\/div><div class=\"vc_empty_space\"   style=\"height: 65px\" ><span class=\"vc_empty_space_inner\"><\/span><\/div>\n<\/div><\/div><\/div><div class=\"wpb_column vc_column_container vc_col-sm-3\"><div class=\"vc_column-inner\"><div class=\"wpb_wrapper\"><div class=\"vc_empty_space\"   style=\"height: 65px\" ><span class=\"vc_empty_space_inner\"><\/span><\/div>\n<div class=\"ic-inner\"><div class=\"icon-holder\"><div class=\"circle-text\"  style='color:#ffffff;background: #34393f;border-color: #34393f;'><i class=\"fa ti-package\"><\/i><\/div><\/div><div class=\"text-holder\"><h4  style='color:#ffffff;'>Kaliteli \u0130\u015f\u00e7ilik<\/h4><p><span style=\"color: #bdbdbd;\">\u00dcr\u00fcnlerimizde \u00f6zenle uygulanan y\u00fcksek kaliteli i\u015f\u00e7ilik g\u00f6ze \u00e7arpar.<\/span><\/p>\n<\/div><\/div><div class=\"vc_empty_space\"   style=\"height: 65px\" ><span class=\"vc_empty_space_inner\"><\/span><\/div>\n<\/div><\/div><\/div><div class=\"wpb_column vc_column_container vc_col-sm-3\"><div class=\"vc_column-inner\"><div class=\"wpb_wrapper\"><div class=\"vc_empty_space\"   style=\"height: 65px\" ><span class=\"vc_empty_space_inner\"><\/span><\/div>\n<div class=\"ic-inner\"><div class=\"icon-holder\"><div class=\"circle-text\"  style='color:#ffffff;background: #34393f;border-color: #34393f;'><i class=\"fa ti-shield\"><\/i><\/div><\/div><div class=\"text-holder\"><h4  style='color:#ffffff;'>Dayan\u0131kl\u0131 Malzeme<\/h4><p><span style=\"color: #bdbdbd;\">\u00dcr\u00fcnlerimiz, uzun \u00f6m\u00fcrl\u00fc kullan\u0131m i\u00e7in dayan\u0131kl\u0131 malzemelerle \u00fcretilir.<\/span><\/p>\n<\/div><\/div><div class=\"vc_empty_space\"   style=\"height: 65px\" ><span class=\"vc_empty_space_inner\"><\/span><\/div>\n<\/div><\/div><\/div><div class=\"wpb_column vc_column_container vc_col-sm-3\"><div class=\"vc_column-inner\"><div class=\"wpb_wrapper\"><div class=\"vc_empty_space\"   style=\"height: 65px\" ><span class=\"vc_empty_space_inner\"><\/span><\/div>\n<div class=\"ic-inner\"><div class=\"icon-holder\"><div class=\"circle-text\"  style='color:#ffffff;background: #34393f;border-color: #34393f;'><i class=\"fa ti-cup\"><\/i><\/div><\/div><div class=\"text-holder\"><h4  style='color:#ffffff;'>\u00dcst\u00fcn Hizmet<\/h4><p><span style=\"color: #bdbdbd;\">M\u00fc\u015fterilerimize \u00fcst\u00fcn kalitede hizmet sunmay\u0131 ilke ediniyoruz.<\/span><\/p>\n<\/div><\/div><div class=\"vc_empty_space\"   style=\"height: 65px;min-height:35px\" ><span class=\"vc_empty_space_inner\"><\/span><\/div>\n<\/div><\/div><\/div><\/div><\/div><div  class=\"vc_row wpb_row vc_row-fluid vc_custom_1553277858918\"><div class=\"vc_container\"><div class=\"wpb_column vc_column_container vc_col-sm-12\"><div class=\"vc_column-inner\"><div class=\"wpb_wrapper\"><div class=\"vc_empty_space\"   style=\"height: 70px\" ><span class=\"vc_empty_space_inner\"><\/span><\/div>\n<\/div><\/div><\/div><\/div><\/div><div  class=\"vc_row wpb_row vc_row-fluid\"><div class=\"vc_container\"><div class=\"wpb_column vc_column_container vc_col-sm-12\"><div class=\"vc_column-inner\"><div class=\"wpb_wrapper\"><div class=\"vc_empty_space\"   style=\"height: 106px\" ><span class=\"vc_empty_space_inner\"><\/span><\/div>\n<h2 style=\"text-align: left\" class=\"vc_custom_heading\" >Redecor &amp; Kalite Politikas\u0131<\/h2><div class=\"vc_empty_space\"   style=\"height: 25px\" ><span class=\"vc_empty_space_inner\"><\/span><\/div>\n\n\t<div class=\"wpb_text_column wpb_content_element\" >\n\t\t<div class=\"wpb_wrapper\">\n\t\t\t<p style=\"text-align: justify;\">Redecor olarak, m\u00fc\u015fteri memnuniyetini en \u00fcst d\u00fczeyde tutmak ve m\u00fckemmelli\u011fi hedeflemek i\u00e7in kalite politikam\u0131z\u0131 benimsiyoruz. M\u00fc\u015fterilerimize y\u00fcksek kaliteli mutfak tasar\u0131mlar\u0131 sunmak, i\u015fimizin temel odak noktas\u0131d\u0131r. Kalite standartlar\u0131n\u0131 s\u00fcrekli olarak g\u00f6zden ge\u00e7irerek, \u00fcretim a\u015famas\u0131ndan teslimata kadar her ad\u0131mda en iyi uygulamalar\u0131 takip ediyoruz.<\/p>\n<p style=\"text-align: justify;\">Kalite politikam\u0131z\u0131 ba\u015farmak i\u00e7in dayan\u0131kl\u0131 ve se\u00e7kin malzemeler kullan\u0131yor, titizlikle i\u015flenmi\u015f detaylara \u00f6nem veriyoruz. M\u00fc\u015fterilerimizin beklentilerini a\u015fmak i\u00e7in kalite kontrol s\u00fcre\u00e7lerini s\u0131k\u0131 bir \u015fekilde uyguluyor ve \u00fcr\u00fcnlerimizi dikkatle inceliyoruz.<\/p>\n<p style=\"text-align: justify;\">Ayr\u0131ca, s\u00fcrekli iyile\u015ftirme ve yenilik\u00e7ilik prensiplerine ba\u011fl\u0131 olarak Ar-Ge \u00e7al\u0131\u015fmalar\u0131m\u0131za \u00f6nem veriyoruz. Yenilik\u00e7i malzemeler ve teknolojilerle m\u00fc\u015fterilerimize daha iyi \u00e7\u00f6z\u00fcmler sunmak i\u00e7in s\u00fcrekli olarak ara\u015ft\u0131rma yap\u0131yoruz. Ergonomik tasar\u0131mlar ve kullan\u0131c\u0131 dostu \u00f6zelliklerle mutfak deneyimlerini geli\u015ftirmeyi hedefliyoruz.<\/p>\n<p style=\"text-align: justify;\">Kalite politikam\u0131z, t\u00fcm \u00e7al\u0131\u015fanlar\u0131m\u0131z\u0131n kat\u0131l\u0131m\u0131n\u0131 te\u015fvik eden bir k\u00fclt\u00fcr olu\u015fturarak, ekip olarak ayn\u0131 hedefe odaklanmam\u0131z\u0131 sa\u011flar. Kaliteyi s\u00fcrekli olarak iyile\u015ftirerek ve m\u00fc\u015fteri geri bildirimlerini de\u011ferlendirerek, m\u00fc\u015fterilerimizin g\u00fcvenini kazanmak ve sekt\u00f6rde \u00f6nc\u00fc bir marka olmak i\u00e7in \u00e7aba sarf ediyoruz.<\/p>\n<p style=\"text-align: justify;\">Redecor olarak, kalite politikam\u0131za olan ba\u011fl\u0131l\u0131\u011f\u0131m\u0131z\u0131 s\u00fcrd\u00fcrerek m\u00fc\u015fterilerimize benzersiz ve tatmin edici mutfak deneyimleri sunmaya devam edece\u011fiz.<\/p>\n\n\t\t<\/div>\n\t<\/div>\n<div class=\"vc_empty_space\"   style=\"height: 106px\" ><span class=\"vc_empty_space_inner\"><\/span><\/div>\n<\/div><\/div><\/div><\/div><\/div><div  class=\"vc_row wpb_row vc_row-fluid vc_custom_1553277858918\"><div class=\"vc_container\"><div class=\"wpb_column vc_column_container vc_col-sm-12\"><div class=\"vc_column-inner\"><div class=\"wpb_wrapper\"><div class=\"vc_empty_space\"   style=\"height: 70px\" ><span class=\"vc_empty_space_inner\"><\/span><\/div>\n<\/div><\/div><\/div><\/div><\/div><div  class=\"vc_row wpb_row vc_row-fluid shadow vc_custom_1553269426338\"><div class=\"vc_container\"><div class=\"wpb_column vc_column_container vc_col-sm-9\"><div class=\"vc_column-inner vc_custom_1551460697635\"><div class=\"wpb_wrapper\"><h2 style=\"color: #ffffff;text-align: left\" class=\"vc_custom_heading tin\" >Siz hayal edin biz tasarlayal\u0131m.<\/h2>\n\t<div class=\"wpb_text_column wpb_content_element\" >\n\t\t<div class=\"wpb_wrapper\">\n\t\t\t<p style=\"color: #fff;\"><span style=\"color: #ffffff;\">Hayallerinizdeki mutfa\u011f\u0131 Redecor ile ya\u015fay\u0131n.\u2013 \u0130leti\u015fim \u0130\u00e7in <a style=\"color: #ffffff;\" href=\"tel:03522350207\">0 (352) 235 02 07<\/a><\/span><\/p>\n\n\t\t<\/div>\n\t<\/div>\n<\/div><\/div><\/div><div class=\"wpb_column vc_column_container vc_col-sm-3\"><div class=\"vc_column-inner\"><div class=\"wpb_wrapper\"><div class=\"vc_empty_space\"   style=\"height: 80px\" ><span class=\"vc_empty_space_inner\"><\/span><\/div>\n<div class=\"upbtnposition\" style=\"text-align:right\" ><a class=\"up-button  up_btn-s\" title=\"\u0130leti\u015fim\" href=\"https:\/\/redecor.com.tr\/en\/iletisim\/\" style='color:#000000;background:#ffffff;border-color:#000000;'><span>\u0130leti\u015fim<\/span><\/a><\/div>\n<div class=\"vc_empty_space\"   style=\"height: 20px;min-height:40px\" ><span class=\"vc_empty_space_inner\"><\/span><\/div>\n<\/div><\/div><\/div><\/div><\/div>","protected":false},"excerpt":{"rendered":"Kalite Politikas\u0131Redecor,Redecor, kaliteli mutfak tasar\u0131mlar\u0131 \u00fcreten bir marka olarak \u00f6ne \u00e7\u0131k\u0131yor. Redecor, yenilenme anlam\u0131nda kullan\u0131lan \"Re\" kelimesini firmam\u0131z\u0131n dekorasyon kalitesi ile birle\u015ftirerek sizlerin ya\u015fam alanlar\u0131n\u0131z\u0131n vizyonu ve yap\u0131s\u0131n\u0131 yeniden dekore etmek i\u00e7in olu\u015fturulmu\u015f bir markad\u0131r. \u00d6zg\u00fcn tasar\u0131mlar\u0131 ve ergonomisiyle Redecor \u00fcr\u00fcnleri beklenen i\u015flevselli\u011fi, esteti\u011fi, rahatl\u0131\u011f\u0131 ve detaylar\u0131 bir arada sunmaktad\u0131r. M\u00fc\u015fteri HizmetleriM\u00fc\u015fteri memnuniyetini en \u00fcst d\u00fczeyde tutmak i\u00e7in s\u00fcrekli \u00e7al\u0131\u015f\u0131yoruz. Kaliteli \u0130\u015f\u00e7ilik\u00dcr\u00fcnlerimizde \u00f6zenle uygulanan y\u00fcksek kaliteli i\u015f\u00e7ilik g\u00f6ze \u00e7arpar. Dayan\u0131kl\u0131 Malzeme\u00dcr\u00fcnlerimiz, uzun \u00f6m\u00fcrl\u00fc kullan\u0131m i\u00e7in dayan\u0131kl\u0131 malzemelerle \u00fcretilir. \u00dcst\u00fcn HizmetM\u00fc\u015fterilerimize \u00fcst\u00fcn kalitede hizmet sunmay\u0131 ilke ediniyoruz. Redecor &amp; Kalite Politikas\u0131 Redecor olarak, m\u00fc\u015fteri memnuniyetini en \u00fcst d\u00fczeyde tutmak ve m\u00fckemmelli\u011fi &hellip; <a href=\"https:\/\/redecor.com.tr\/en\/kalite-politikamiz\/\">Continued<\/a>","protected":false},"author":1,"featured_media":0,"parent":0,"menu_order":0,"comment_status":"closed","ping_status":"closed","template":"page-fullwidth.php","meta":{"footnotes":""},"class_list":["post-4387","page","type-page","status-publish","hentry"],"_links":{"self":[{"href":"https:\/\/redecor.com.tr\/en\/wp-json\/wp\/v2\/pages\/4387","targetHints":{"allow":["GET"]}}],"collection":[{"href":"https:\/\/redecor.com.tr\/en\/wp-json\/wp\/v2\/pages"}],"about":[{"href":"https:\/\/redecor.com.tr\/en\/wp-json\/wp\/v2\/types\/page"}],"author":[{"embeddable":true,"href":"https:\/\/redecor.com.tr\/en\/wp-json\/wp\/v2\/users\/1"}],"replies":[{"embeddable":true,"href":"https:\/\/redecor.com.tr\/en\/wp-json\/wp\/v2\/comments?post=4387"}],"version-history":[{"count":17,"href":"https:\/\/redecor.com.tr\/en\/wp-json\/wp\/v2\/pages\/4387\/revisions"}],"predecessor-version":[{"id":4904,"href":"https:\/\/redecor.com.tr\/en\/wp-json\/wp\/v2\/pages\/4387\/revisions\/4904"}],"wp:attachment":[{"href":"https:\/\/redecor.com.tr\/en\/wp-json\/wp\/v2\/media?parent=4387"}],"curies":[{"name":"wp","href":"https:\/\/api.w.org\/{rel}","templated":true}]}}